{"id":12797,"date":"2021-12-11T17:30:07","date_gmt":"2021-12-11T17:30:07","guid":{"rendered":"https:\/\/transyt.adverthia.com\/publications\/research-notebooks\/"},"modified":"2022-05-06T11:26:53","modified_gmt":"2022-05-06T11:26:53","slug":"research-notebooks","status":"publish","type":"page","link":"https:\/\/transyt.upm.es\/en\/publications\/research-notebooks\/","title":{"rendered":"Research Notebooks"},"content":{"rendered":"\t\t<div data-elementor-type=\"wp-page\" data-elementor-id=\"12797\" class=\"elementor elementor-12797 elementor-8113\">\n\t\t\t\t\t\t\t\t\t<section class=\"elementor-section elementor-top-section elementor-element elementor-element-81c4588 elementor-section-boxed elementor-section-height-default elementor-section-height-default\" data-id=\"81c4588\" data-element_type=\"section\">\n\t\t\t\t\t\t<div class=\"elementor-container elementor-column-gap-default\">\n\t\t\t\t\t<div class=\"elementor-column elementor-col-25 elementor-top-column elementor-element elementor-element-c335092\" data-id=\"c335092\" data-element_type=\"column\">\n\t\t\t<div class=\"elementor-widget-wrap\">\n\t\t\t\t\t\t\t\t\t<\/div>\n\t\t<\/div>\n\t\t\t\t<div class=\"elementor-column elementor-col-50 elementor-top-column elementor-element elementor-element-f483a96\" data-id=\"f483a96\" data-element_type=\"column\">\n\t\t\t<div class=\"elementor-widget-wrap elementor-element-populated\">\n\t\t\t\t\t\t\t\t<div class=\"elementor-element elementor-element-09e17a3 elementor-widget elementor-widget-heading\" data-id=\"09e17a3\" data-element_type=\"widget\" data-widget_type=\"heading.default\">\n\t\t\t\t<div class=\"elementor-widget-container\">\n\t\t\t<style>\/*! elementor - v3.11.1 - 15-02-2023 *\/\n.elementor-heading-title{padding:0;margin:0;line-height:1}.elementor-widget-heading .elementor-heading-title[class*=elementor-size-]>a{color:inherit;font-size:inherit;line-height:inherit}.elementor-widget-heading .elementor-heading-title.elementor-size-small{font-size:15px}.elementor-widget-heading .elementor-heading-title.elementor-size-medium{font-size:19px}.elementor-widget-heading .elementor-heading-title.elementor-size-large{font-size:29px}.elementor-widget-heading .elementor-heading-title.elementor-size-xl{font-size:39px}.elementor-widget-heading .elementor-heading-title.elementor-size-xxl{font-size:59px}<\/style><h2 class=\"elementor-heading-title elementor-size-default\">Research Notebooks<\/h2>\t\t<\/div>\n\t\t\t\t<\/div>\n\t\t\t\t<div class=\"elementor-element elementor-element-a3db6e4 elementor-widget elementor-widget-text-editor\" data-id=\"a3db6e4\" data-element_type=\"widget\" data-widget_type=\"text-editor.default\">\n\t\t\t\t<div class=\"elementor-widget-container\">\n\t\t\t<style>\/*! elementor - v3.11.1 - 15-02-2023 *\/\n.elementor-widget-text-editor.elementor-drop-cap-view-stacked .elementor-drop-cap{background-color:#818a91;color:#fff}.elementor-widget-text-editor.elementor-drop-cap-view-framed .elementor-drop-cap{color:#818a91;border:3px solid;background-color:transparent}.elementor-widget-text-editor:not(.elementor-drop-cap-view-default) .elementor-drop-cap{margin-top:8px}.elementor-widget-text-editor:not(.elementor-drop-cap-view-default) .elementor-drop-cap-letter{width:1em;height:1em}.elementor-widget-text-editor .elementor-drop-cap{float:left;text-align:center;line-height:1;font-size:50px}.elementor-widget-text-editor .elementor-drop-cap-letter{display:inline-block}<\/style>\t\t\t\t<p><strong>Formulation of optimal incentives to improve road safety in highway concessions.<\/strong><br>Series: 12-1<br>Author: Pablo P\u00e9rez de Villar.<br>Pages: 114<br>Publisher: TRANSyT<br>Place and date of publication: Madrid, July 2012.<br>ISBN: 978-84-15302-14-8<\/p>\n<p><strong>GOAL. Spanish Road Pricing Model<\/strong>.<br>Authors: META Consortium.<br>Pages: 85<br>Publisher: TRANSyT<br>Place and date of publication: Madrid, 2010.<br>ISBN: 978-84-695-1706-5<\/p>\n<p><strong>Methodology for Assessing the Quality of Transport Interchanges. Application to the Madrid Case Study<\/strong><br>Series: 11-3<br>Author: Giulia dell&#8217;Asin<br>Pages: 93.<br>Publisher: TRANSyT.<br>Place and date of publication: Madrid, 2011.<br>ISBN: 978-84-694-4315-6<\/p>\n<p><strong>Evaluation of the territorial and economic effects of transport infrastructure plans. SITP 2005-2020<\/strong>.<br>Series: 10-1<br>Authors: Andr\u00e9s Monz\u00f3n, Emilio Ortega, Elena L\u00f3pez.<br>Pages: 150.<br>Publisher: TRANSyT<br>Place and date of publication: Madrid, 2010.<br>Legal Deposit: 978-84-96398-11-5<\/p>\n<p><strong>PROBICI. Cycling Mobility Guide. Methods and techniques for promoting cycling in urban areas<\/strong><br>Series: 10-2<br>Authors: Andr\u00e9s Monz\u00f3n, Gianni Rondinella (editors)<br>Pages: 151. Publisher: IDAE \u2013 TRANSyT<br>Place and date of publication: Madrid, 2010.<br>ISBN: 978-84-96680-50-0<\/p>\t\t\t\t\t\t<\/div>\n\t\t\t\t<\/div>\n\t\t\t\t\t<\/div>\n\t\t<\/div>\n\t\t\t\t<div class=\"elementor-column elementor-col-25 elementor-top-column elementor-element elementor-element-3255c60\" data-id=\"3255c60\" data-element_type=\"column\">\n\t\t\t<div class=\"elementor-widget-wrap\">\n\t\t\t\t\t\t\t\t\t<\/div>\n\t\t<\/div>\n\t\t\t\t\t\t\t<\/div>\n\t\t<\/section>\n\t\t\t\t\t\t\t<\/div>\n\t\t","protected":false},"excerpt":{"rendered":"<p>Research Notebooks Formulation of optimal incentives to improve road safety in highway concessions.Series: 12-1Author: Pablo P\u00e9rez de Villar.Pages: 114Publisher: TRANSyTPlace and date of publication: Madrid, July 2012.ISBN: 978-84-15302-14-8 GOAL. Spanish Road Pricing Model.Authors: META Consortium.Pages: 85Publisher: TRANSyTPlace and date of publication: Madrid, 2010.ISBN: 978-84-695-1706-5 Methodology for Assessing the Quality of Transport Interchanges. Application to the &#8230; <a title=\"Research Notebooks\" class=\"read-more\" href=\"https:\/\/transyt.upm.es\/en\/publications\/research-notebooks\/\" aria-label=\"More on Research Notebooks\">Read more<\/a><\/p>\n","protected":false},"author":3,"featured_media":0,"parent":12789,"menu_order":0,"comment_status":"closed","ping_status":"closed","template":"elementor_header_footer","meta":{"_monsterinsights_skip_tracking":false,"_monsterinsights_sitenote_active":false,"_monsterinsights_sitenote_note":"","_monsterinsights_sitenote_category":0,"footnotes":""},"acf":[],"_links":{"self":[{"href":"https:\/\/transyt.upm.es\/en\/wp-json\/wp\/v2\/pages\/12797"}],"collection":[{"href":"https:\/\/transyt.upm.es\/en\/wp-json\/wp\/v2\/pages"}],"about":[{"href":"https:\/\/transyt.upm.es\/en\/wp-json\/wp\/v2\/types\/page"}],"author":[{"embeddable":true,"href":"https:\/\/transyt.upm.es\/en\/wp-json\/wp\/v2\/users\/3"}],"replies":[{"embeddable":true,"href":"https:\/\/transyt.upm.es\/en\/wp-json\/wp\/v2\/comments?post=12797"}],"version-history":[{"count":1,"href":"https:\/\/transyt.upm.es\/en\/wp-json\/wp\/v2\/pages\/12797\/revisions"}],"predecessor-version":[{"id":12798,"href":"https:\/\/transyt.upm.es\/en\/wp-json\/wp\/v2\/pages\/12797\/revisions\/12798"}],"up":[{"embeddable":true,"href":"https:\/\/transyt.upm.es\/en\/wp-json\/wp\/v2\/pages\/12789"}],"wp:attachment":[{"href":"https:\/\/transyt.upm.es\/en\/wp-json\/wp\/v2\/media?parent=12797"}],"curies":[{"name":"wp","href":"https:\/\/api.w.org\/{rel}","templated":true}]}}