{"id":21138,"date":"2024-08-26T14:47:11","date_gmt":"2024-08-26T14:47:11","guid":{"rendered":"https:\/\/transyt.upm.es\/?page_id=21138"},"modified":"2024-08-26T14:57:19","modified_gmt":"2024-08-26T14:57:19","slug":"directory-researchers-jose-manuel-vassallo-magro","status":"publish","type":"page","link":"https:\/\/transyt.upm.es\/en\/directory\/researchers\/directory-researchers-jose-manuel-vassallo-magro\/","title":{"rendered":"Jos\u00e9 Manuel Vassallo Magro"},"content":{"rendered":"\n<h3 class=\"wp-block-heading\">Universidad Polit\u00e9cnica de Madrid<\/h3>\n\n\n\n<h4 class=\"wp-block-heading\">E.T.S.I. de Caminos, Canales y Puertos<\/h4>\n\n\n\n<figure class=\"wp-block-image is-resized\"><img loading=\"lazy\" decoding=\"async\" width=\"533\" height=\"533\" src=\"https:\/\/transyt.upm.es\/wp-content\/uploads\/2023\/03\/Foto-Vassallo-e1679577079995.jpg\" alt=\"Jos\u00e9 Manuel Vassallo Magro Catedr\u00e1tico de Transportes UPM\" class=\"wp-image-16227\" style=\"width:300px\" srcset=\"https:\/\/transyt.upm.es\/wp-content\/uploads\/2023\/03\/Foto-Vassallo-e1679577079995.jpg 533w, https:\/\/transyt.upm.es\/wp-content\/uploads\/2023\/03\/Foto-Vassallo-e1679577079995-300x300.jpg 300w, https:\/\/transyt.upm.es\/wp-content\/uploads\/2023\/03\/Foto-Vassallo-e1679577079995-150x150.jpg 150w\" sizes=\"(max-width: 533px) 100vw, 533px\" \/><\/figure>\n\n\n\n<h3 class=\"wp-block-heading\"><\/h3>\n\n\n\n<ul>\n<li>Full Professor<\/li>\n\n\n\n<li>Dept. of Transport, Territory and Urban Planning Engineering<\/li>\n<\/ul>\n\n\n\n<ul>\n<li>+34 910674229<\/li>\n\n\n\n<li><a href=\"mailto:josemanuel.vassallo@upm.es\">josemanuel.vassallo@upm.es<\/a><\/li>\n<\/ul>\n\n\n\n<p>Jos\u00e9 Manuel Vassallo holds a PhD in Civil Engineering from the Universidad Polit\u00e9cnica de Madrid and a degree in Economics from the UNED. He was a visiting fellow at the Harvard Kennedy School of Government. He is currently Professor of the Department of Transport Engineering, Territory and Urban Planning at the UPM, and coordinator of the research line in economics and financing of transport at the Transport Research Center (TRANSyT) of the same university. His professional career has been linked to the world of teaching, research and specialized consultancy in the field of transport economics and, specifically, in the evaluation, regulation and financing of infrastructures and services. Recently she has been working on the impact of new technologies on mobility business models. He has published internationally in his field of research. Among other professional activities, it is worth mentioning his work for the General Coordination of Concessions of the Ministry of Public Works of Chile, the European Investment Bank, the Inter-American Development Bank (IDB) and the Development Bank of Latin America (CAF). He is currently a member of the Advisory Council of the Spanish Ministry of Public Works.<\/p>\n\n\n\n<p><\/p>\n","protected":false},"excerpt":{"rendered":"<p>Universidad Polit\u00e9cnica de Madrid E.T.S.I. de Caminos, Canales y Puertos Jos\u00e9 Manuel Vassallo holds a PhD in Civil Engineering from the Universidad Polit\u00e9cnica de Madrid and a degree in Economics from the UNED. He was a visiting fellow at the Harvard Kennedy School of Government. He is currently Professor of the Department of Transport Engineering, &#8230; <a title=\"Jos\u00e9 Manuel Vassallo Magro\" class=\"read-more\" href=\"https:\/\/transyt.upm.es\/en\/directory\/researchers\/directory-researchers-jose-manuel-vassallo-magro\/\" aria-label=\"More on Jos\u00e9 Manuel Vassallo Magro\">Read more<\/a><\/p>\n","protected":false},"author":2,"featured_media":0,"parent":12769,"menu_order":0,"comment_status":"closed","ping_status":"closed","template":"elementor_header_footer","meta":{"_monsterinsights_skip_tracking":false,"_monsterinsights_sitenote_active":false,"_monsterinsights_sitenote_note":"","_monsterinsights_sitenote_category":0,"footnotes":""},"acf":[],"_links":{"self":[{"href":"https:\/\/transyt.upm.es\/en\/wp-json\/wp\/v2\/pages\/21138"}],"collection":[{"href":"https:\/\/transyt.upm.es\/en\/wp-json\/wp\/v2\/pages"}],"about":[{"href":"https:\/\/transyt.upm.es\/en\/wp-json\/wp\/v2\/types\/page"}],"author":[{"embeddable":true,"href":"https:\/\/transyt.upm.es\/en\/wp-json\/wp\/v2\/users\/2"}],"replies":[{"embeddable":true,"href":"https:\/\/transyt.upm.es\/en\/wp-json\/wp\/v2\/comments?post=21138"}],"version-history":[{"count":2,"href":"https:\/\/transyt.upm.es\/en\/wp-json\/wp\/v2\/pages\/21138\/revisions"}],"predecessor-version":[{"id":21144,"href":"https:\/\/transyt.upm.es\/en\/wp-json\/wp\/v2\/pages\/21138\/revisions\/21144"}],"up":[{"embeddable":true,"href":"https:\/\/transyt.upm.es\/en\/wp-json\/wp\/v2\/pages\/12769"}],"wp:attachment":[{"href":"https:\/\/transyt.upm.es\/en\/wp-json\/wp\/v2\/media?parent=21138"}],"curies":[{"name":"wp","href":"https:\/\/api.w.org\/{rel}","templated":true}]}}