{"id":21168,"date":"2024-08-26T15:27:41","date_gmt":"2024-08-26T15:27:41","guid":{"rendered":"https:\/\/transyt.upm.es\/?page_id=21168"},"modified":"2024-08-26T15:34:50","modified_gmt":"2024-08-26T15:34:50","slug":"directory-researchers-cristina-lopez-garcia-de-leaniz","status":"publish","type":"page","link":"https:\/\/transyt.upm.es\/en\/directory\/researchers\/directory-researchers-cristina-lopez-garcia-de-leaniz\/","title":{"rendered":"Cristina L\u00f3pez Garc\u00eda de Le\u00e1niz"},"content":{"rendered":"\n<figure class=\"wp-block-image is-resized\"><img loading=\"lazy\" decoding=\"async\" width=\"400\" height=\"600\" src=\"https:\/\/transyt.upm.es\/wp-content\/uploads\/2021\/10\/Cristina_Lopez_de_Leaniz_2.jpg\" alt=\"\" class=\"wp-image-5041\" style=\"width:300px\" srcset=\"https:\/\/transyt.upm.es\/wp-content\/uploads\/2021\/10\/Cristina_Lopez_de_Leaniz_2.jpg 400w, https:\/\/transyt.upm.es\/wp-content\/uploads\/2021\/10\/Cristina_Lopez_de_Leaniz_2-200x300.jpg 200w\" sizes=\"(max-width: 400px) 100vw, 400px\" \/><\/figure>\n\n\n\n<h3 class=\"wp-block-heading\">Dr. Cristina Garc\u00eda L\u00f3pez de Le\u00e1niz<\/h3>\n\n\n\n<ul>\n<li>Dept. of Transport, Territory and Urban Planning Engineering<\/li>\n\n\n\n<li>Associate Professor<\/li>\n<\/ul>\n\n\n\n<ul>\n<li>913365387<\/li>\n\n\n\n<li>cristina.lopez@upm.es<br><\/li>\n\n\n\n<li><a href=\"https:\/\/orcid.org\/0000-0002-5127-594X\">ORCID<\/a><\/li>\n<\/ul>\n\n\n\n<p>Cristina L\u00f3pez Garc\u00eda de Le\u00e1niz holds a PhD in Civil Engineering from the Universidad Polit\u00e9cnica de Madrid.<br>She is a professor at the E.T.S.I. Caminos, in the Department of Land Management, Urban Planning and Environment in the subjects of Urban Planning, Urban Planning and Urban Project. She is Professor of the Master&#8217;s Degree in Civil Engineering Systems in the subject Urban Planning and Management. Professor in the subject of Territorial Planning in the E.T.S.I. Topography, Geodesy and Cartography. Her lines of research are urban planning and mobility.<\/p>\n\n\n\n<p>He has participated in research projects related to the territorial model and metropolitan mobility:<br>\u201cMethodology for the multi-objective evaluation of urban and regional mobility strategies\u201d (2006-2009);<br>\u201cMethodology for the Evaluation of Sustainable Urban Mobility Plans. Optimal Design of Integral Strategies\u201d (2007-2009);<br>\u201cRelations between the territorial model and metropolitan mobility: analysis and modeling\u201d (2009-2011).<br>She also researches on major mobility attractors: shopping centers, hospitals, etc. She is currently Technical Director of the Metropolitan Mobility Observatory.<\/p>\n","protected":false},"excerpt":{"rendered":"<p>Dr. Cristina Garc\u00eda L\u00f3pez de Le\u00e1niz Cristina L\u00f3pez Garc\u00eda de Le\u00e1niz holds a PhD in Civil Engineering from the Universidad Polit\u00e9cnica de Madrid.She is a professor at the E.T.S.I. Caminos, in the Department of Land Management, Urban Planning and Environment in the subjects of Urban Planning, Urban Planning and Urban Project. She is Professor of &#8230; <a title=\"Cristina L\u00f3pez Garc\u00eda de Le\u00e1niz\" class=\"read-more\" href=\"https:\/\/transyt.upm.es\/en\/directory\/researchers\/directory-researchers-cristina-lopez-garcia-de-leaniz\/\" aria-label=\"More on Cristina L\u00f3pez Garc\u00eda de Le\u00e1niz\">Read more<\/a><\/p>\n","protected":false},"author":2,"featured_media":0,"parent":12769,"menu_order":0,"comment_status":"closed","ping_status":"closed","template":"elementor_header_footer","meta":{"_monsterinsights_skip_tracking":false,"_monsterinsights_sitenote_active":false,"_monsterinsights_sitenote_note":"","_monsterinsights_sitenote_category":0,"footnotes":""},"acf":[],"_links":{"self":[{"href":"https:\/\/transyt.upm.es\/en\/wp-json\/wp\/v2\/pages\/21168"}],"collection":[{"href":"https:\/\/transyt.upm.es\/en\/wp-json\/wp\/v2\/pages"}],"about":[{"href":"https:\/\/transyt.upm.es\/en\/wp-json\/wp\/v2\/types\/page"}],"author":[{"embeddable":true,"href":"https:\/\/transyt.upm.es\/en\/wp-json\/wp\/v2\/users\/2"}],"replies":[{"embeddable":true,"href":"https:\/\/transyt.upm.es\/en\/wp-json\/wp\/v2\/comments?post=21168"}],"version-history":[{"count":1,"href":"https:\/\/transyt.upm.es\/en\/wp-json\/wp\/v2\/pages\/21168\/revisions"}],"predecessor-version":[{"id":21169,"href":"https:\/\/transyt.upm.es\/en\/wp-json\/wp\/v2\/pages\/21168\/revisions\/21169"}],"up":[{"embeddable":true,"href":"https:\/\/transyt.upm.es\/en\/wp-json\/wp\/v2\/pages\/12769"}],"wp:attachment":[{"href":"https:\/\/transyt.upm.es\/en\/wp-json\/wp\/v2\/media?parent=21168"}],"curies":[{"name":"wp","href":"https:\/\/api.w.org\/{rel}","templated":true}]}}