{"id":21172,"date":"2024-08-26T15:37:40","date_gmt":"2024-08-26T15:37:40","guid":{"rendered":"https:\/\/transyt.upm.es\/?page_id=21172"},"modified":"2024-08-26T15:37:43","modified_gmt":"2024-08-26T15:37:43","slug":"directory-researchers-juan-gomez-sanchez","status":"publish","type":"page","link":"https:\/\/transyt.upm.es\/en\/directory\/researchers\/directory-researchers-juan-gomez-sanchez\/","title":{"rendered":"Juan G\u00f3mez S\u00e1nchez"},"content":{"rendered":"\n<h3 class=\"wp-block-heading\">Universidad Polit\u00e9cnica de Madrid<\/h3>\n\n\n\n<h4 class=\"wp-block-heading\">E.T.S.I. Caminos, Canales y Puertos<\/h4>\n\n\n\n<figure class=\"wp-block-image is-resized\"><img loading=\"lazy\" decoding=\"async\" width=\"400\" height=\"600\" src=\"https:\/\/transyt.upm.es\/wp-content\/uploads\/2021\/10\/Juan_Gomez_Sanchez_2.jpg\" alt=\"\" class=\"wp-image-5086\" style=\"width:300px\" srcset=\"https:\/\/transyt.upm.es\/wp-content\/uploads\/2021\/10\/Juan_Gomez_Sanchez_2.jpg 400w, https:\/\/transyt.upm.es\/wp-content\/uploads\/2021\/10\/Juan_Gomez_Sanchez_2-200x300.jpg 200w\" sizes=\"(max-width: 400px) 100vw, 400px\" \/><\/figure>\n\n\n\n<h3 class=\"wp-block-heading\">Juan G\u00f3mez S\u00e1nchez<\/h3>\n\n\n\n<h4 class=\"wp-block-heading\">Dept. of Transport, Territory and Urban Planning Engineering<br>Associate Professor<\/h4>\n\n\n\n<ul>\n<li>910674235<\/li>\n\n\n\n<li>juan.gomez.sanchez@upm.es<\/li>\n<\/ul>\n","protected":false},"excerpt":{"rendered":"<p>Universidad Polit\u00e9cnica de Madrid E.T.S.I. Caminos, Canales y Puertos Juan G\u00f3mez S\u00e1nchez Dept. of Transport, Territory and Urban Planning EngineeringAssociate Professor<\/p>\n","protected":false},"author":2,"featured_media":0,"parent":12769,"menu_order":0,"comment_status":"closed","ping_status":"closed","template":"elementor_header_footer","meta":{"_monsterinsights_skip_tracking":false,"_monsterinsights_sitenote_active":false,"_monsterinsights_sitenote_note":"","_monsterinsights_sitenote_category":0,"footnotes":""},"acf":[],"_links":{"self":[{"href":"https:\/\/transyt.upm.es\/en\/wp-json\/wp\/v2\/pages\/21172"}],"collection":[{"href":"https:\/\/transyt.upm.es\/en\/wp-json\/wp\/v2\/pages"}],"about":[{"href":"https:\/\/transyt.upm.es\/en\/wp-json\/wp\/v2\/types\/page"}],"author":[{"embeddable":true,"href":"https:\/\/transyt.upm.es\/en\/wp-json\/wp\/v2\/users\/2"}],"replies":[{"embeddable":true,"href":"https:\/\/transyt.upm.es\/en\/wp-json\/wp\/v2\/comments?post=21172"}],"version-history":[{"count":2,"href":"https:\/\/transyt.upm.es\/en\/wp-json\/wp\/v2\/pages\/21172\/revisions"}],"predecessor-version":[{"id":21174,"href":"https:\/\/transyt.upm.es\/en\/wp-json\/wp\/v2\/pages\/21172\/revisions\/21174"}],"up":[{"embeddable":true,"href":"https:\/\/transyt.upm.es\/en\/wp-json\/wp\/v2\/pages\/12769"}],"wp:attachment":[{"href":"https:\/\/transyt.upm.es\/en\/wp-json\/wp\/v2\/media?parent=21172"}],"curies":[{"name":"wp","href":"https:\/\/api.w.org\/{rel}","templated":true}]}}