{"id":24634,"date":"2026-01-08T09:27:50","date_gmt":"2026-01-08T09:27:50","guid":{"rendered":"https:\/\/transyt.upm.es\/?page_id=24634"},"modified":"2026-01-08T09:29:00","modified_gmt":"2026-01-08T09:29:00","slug":"rafael-enriquez-rodriguez","status":"publish","type":"page","link":"https:\/\/transyt.upm.es\/en\/directory\/researchers\/rafael-enriquez-rodriguez\/","title":{"rendered":"Rafael Enr\u00edquez Rodr\u00edguez"},"content":{"rendered":"\t\t<div data-elementor-type=\"wp-page\" data-elementor-id=\"24634\" class=\"elementor elementor-24634\">\n\t\t\t\t\t\t\t<div class=\"elementor-element elementor-element-3cdfae9 e-con-boxed e-con\" data-id=\"3cdfae9\" data-element_type=\"container\" data-settings=\"{&quot;content_width&quot;:&quot;boxed&quot;}\">\n\t\t\t\t\t<div class=\"e-con-inner\">\n\t\t\t\t<div class=\"elementor-element elementor-element-160f009 elementor-widget elementor-widget-heading\" data-id=\"160f009\" data-element_type=\"widget\" data-widget_type=\"heading.default\">\n\t\t\t\t<div class=\"elementor-widget-container\">\n\t\t\t<style>\/*! elementor - v3.11.1 - 15-02-2023 *\/\n.elementor-heading-title{padding:0;margin:0;line-height:1}.elementor-widget-heading .elementor-heading-title[class*=elementor-size-]>a{color:inherit;font-size:inherit;line-height:inherit}.elementor-widget-heading .elementor-heading-title.elementor-size-small{font-size:15px}.elementor-widget-heading .elementor-heading-title.elementor-size-medium{font-size:19px}.elementor-widget-heading .elementor-heading-title.elementor-size-large{font-size:29px}.elementor-widget-heading .elementor-heading-title.elementor-size-xl{font-size:39px}.elementor-widget-heading .elementor-heading-title.elementor-size-xxl{font-size:59px}<\/style><h1 class=\"elementor-heading-title elementor-size-default\">Rafael Enr\u00edquez Rodr\u00edguez<\/h1>\t\t<\/div>\n\t\t\t\t<\/div>\n\t\t\t\t\t<\/div>\n\t\t\t\t<\/div>\n\t\t\t\t<section class=\"elementor-section elementor-top-section elementor-element elementor-element-ce8bc3d elementor-section-boxed elementor-section-height-default elementor-section-height-default\" data-id=\"ce8bc3d\" data-element_type=\"section\">\n\t\t\t\t\t\t<div class=\"elementor-container elementor-column-gap-default\">\n\t\t\t\t\t<div class=\"elementor-column elementor-col-100 elementor-top-column elementor-element elementor-element-7cdb990\" data-id=\"7cdb990\" data-element_type=\"column\">\n\t\t\t<div class=\"elementor-widget-wrap elementor-element-populated\">\n\t\t\t\t\t\t\t\t<div class=\"elementor-element elementor-element-75b4fd8 elementor-widget elementor-widget-heading\" data-id=\"75b4fd8\" data-element_type=\"widget\" data-widget_type=\"heading.default\">\n\t\t\t\t<div class=\"elementor-widget-container\">\n\t\t\t<h3 class=\"elementor-heading-title elementor-size-default\">Universidad Polit\u00e9cnica de Madrid<\/h3>\t\t<\/div>\n\t\t\t\t<\/div>\n\t\t\t\t<div class=\"elementor-element elementor-element-0a4b3e0 elementor-widget elementor-widget-heading\" data-id=\"0a4b3e0\" data-element_type=\"widget\" data-widget_type=\"heading.default\">\n\t\t\t\t<div class=\"elementor-widget-container\">\n\t\t\t<h4 class=\"elementor-heading-title elementor-size-default\">E.T.S.I. de Caminos, Canales y Puertos<\/h4>\t\t<\/div>\n\t\t\t\t<\/div>\n\t\t\t\t<div class=\"elementor-element elementor-element-1d0d66c elementor-widget elementor-widget-spacer\" data-id=\"1d0d66c\" data-element_type=\"widget\" data-widget_type=\"spacer.default\">\n\t\t\t\t<div class=\"elementor-widget-container\">\n\t\t\t<style>\/*! elementor - v3.11.1 - 15-02-2023 *\/\n.elementor-column .elementor-spacer-inner{height:var(--spacer-size)}.e-con{--container-widget-width:100%}.e-con-inner>.elementor-widget-spacer,.e-con>.elementor-widget-spacer{width:var(--container-widget-width,var(--spacer-size));--align-self:var(--container-widget-align-self,initial);--flex-shrink:0}.e-con-inner>.elementor-widget-spacer>.elementor-widget-container,.e-con-inner>.elementor-widget-spacer>.elementor-widget-container>.elementor-spacer,.e-con>.elementor-widget-spacer>.elementor-widget-container,.e-con>.elementor-widget-spacer>.elementor-widget-container>.elementor-spacer{height:100%}.e-con-inner>.elementor-widget-spacer>.elementor-widget-container>.elementor-spacer>.elementor-spacer-inner,.e-con>.elementor-widget-spacer>.elementor-widget-container>.elementor-spacer>.elementor-spacer-inner{height:var(--container-widget-height,var(--spacer-size))}<\/style>\t\t<div class=\"elementor-spacer\">\n\t\t\t<div class=\"elementor-spacer-inner\"><\/div>\n\t\t<\/div>\n\t\t\t\t<\/div>\n\t\t\t\t<\/div>\n\t\t\t\t\t<\/div>\n\t\t<\/div>\n\t\t\t\t\t\t\t<\/div>\n\t\t<\/section>\n\t\t\t\t<section class=\"elementor-section elementor-top-section elementor-element elementor-element-0b799cd elementor-section-boxed elementor-section-height-default elementor-section-height-default\" data-id=\"0b799cd\" data-element_type=\"section\">\n\t\t\t\t\t\t<div class=\"elementor-container elementor-column-gap-default\">\n\t\t\t\t\t<div class=\"elementor-column elementor-col-50 elementor-top-column elementor-element elementor-element-f8b9ed1\" data-id=\"f8b9ed1\" data-element_type=\"column\">\n\t\t\t<div class=\"elementor-widget-wrap elementor-element-populated\">\n\t\t\t\t\t\t\t\t<div class=\"elementor-element elementor-element-f978701 elementor-widget elementor-widget-image\" data-id=\"f978701\" data-element_type=\"widget\" data-widget_type=\"image.default\">\n\t\t\t\t<div class=\"elementor-widget-container\">\n\t\t\t<style>\/*! elementor - v3.11.1 - 15-02-2023 *\/\n.elementor-widget-image{text-align:center}.elementor-widget-image a{display:inline-block}.elementor-widget-image a img[src$=\".svg\"]{width:48px}.elementor-widget-image img{vertical-align:middle;display:inline-block}<\/style>\t\t\t\t\t\t\t\t\t\t\t\t<img loading=\"lazy\" decoding=\"async\" width=\"480\" height=\"480\" src=\"https:\/\/transyt.upm.es\/wp-content\/uploads\/2025\/12\/Rafael_Enriquez-1.jpg\" class=\"attachment-large size-large wp-image-24413\" alt=\"\" srcset=\"https:\/\/transyt.upm.es\/wp-content\/uploads\/2025\/12\/Rafael_Enriquez-1.jpg 480w, https:\/\/transyt.upm.es\/wp-content\/uploads\/2025\/12\/Rafael_Enriquez-1-300x300.jpg 300w, https:\/\/transyt.upm.es\/wp-content\/uploads\/2025\/12\/Rafael_Enriquez-1-150x150.jpg 150w\" sizes=\"(max-width: 480px) 100vw, 480px\" \/>\t\t\t\t\t\t\t\t\t\t\t\t\t\t\t<\/div>\n\t\t\t\t<\/div>\n\t\t\t\t\t<\/div>\n\t\t<\/div>\n\t\t\t\t<div class=\"elementor-column elementor-col-50 elementor-top-column elementor-element elementor-element-3759b66\" data-id=\"3759b66\" data-element_type=\"column\">\n\t\t\t<div class=\"elementor-widget-wrap elementor-element-populated\">\n\t\t\t\t\t\t\t\t<div class=\"elementor-element elementor-element-69415d4 elementor-widget elementor-widget-heading\" data-id=\"69415d4\" data-element_type=\"widget\" data-widget_type=\"heading.default\">\n\t\t\t\t<div class=\"elementor-widget-container\">\n\t\t\t<h3 class=\"elementor-heading-title elementor-size-large\">Dr. Rafael Enr\u00edquez Rodr\u00edguez<\/h3>\t\t<\/div>\n\t\t\t\t<\/div>\n\t\t\t\t<div class=\"elementor-element elementor-element-e66cb57 elementor-widget elementor-widget-heading\" data-id=\"e66cb57\" data-element_type=\"widget\" data-widget_type=\"heading.default\">\n\t\t\t\t<div class=\"elementor-widget-container\">\n\t\t\t<h4 class=\"elementor-heading-title elementor-size-small\">Secretario Acad\u00e9mico del Dpto. de Ingenier\u00eda del Transporte, Territorio y Urbanismo<br><br>\nProfesor Titular de Escuela Universitaria<\/h4>\t\t<\/div>\n\t\t\t\t<\/div>\n\t\t\t\t<div class=\"elementor-element elementor-element-8b78500 elementor-icon-list--layout-traditional elementor-list-item-link-full_width elementor-widget elementor-widget-icon-list\" data-id=\"8b78500\" data-element_type=\"widget\" data-widget_type=\"icon-list.default\">\n\t\t\t\t<div class=\"elementor-widget-container\">\n\t\t\t<link rel=\"stylesheet\" href=\"https:\/\/transyt.upm.es\/wp-content\/plugins\/elementor\/assets\/css\/widget-icon-list.min.css\">\t\t<ul class=\"elementor-icon-list-items\">\n\t\t\t\t\t\t\t<li class=\"elementor-icon-list-item\">\n\t\t\t\t\t\t\t\t\t\t\t<span class=\"elementor-icon-list-icon\">\n\t\t\t\t\t\t\t<svg aria-hidden=\"true\" class=\"e-font-icon-svg e-fas-phone-alt\" viewBox=\"0 0 512 512\" xmlns=\"http:\/\/www.w3.org\/2000\/svg\"><path d=\"M497.39 361.8l-112-48a24 24 0 0 0-28 6.9l-49.6 60.6A370.66 370.66 0 0 1 130.6 204.11l60.6-49.6a23.94 23.94 0 0 0 6.9-28l-48-112A24.16 24.16 0 0 0 122.6.61l-104 24A24 24 0 0 0 0 48c0 256.5 207.9 464 464 464a24 24 0 0 0 23.4-18.6l24-104a24.29 24.29 0 0 0-14.01-27.6z\"><\/path><\/svg>\t\t\t\t\t\t<\/span>\n\t\t\t\t\t\t\t\t\t\t<span class=\"elementor-icon-list-text\">910674213<\/span>\n\t\t\t\t\t\t\t\t\t<\/li>\n\t\t\t\t\t\t\t\t<li class=\"elementor-icon-list-item\">\n\t\t\t\t\t\t\t\t\t\t\t<span class=\"elementor-icon-list-icon\">\n\t\t\t\t\t\t\t<svg aria-hidden=\"true\" class=\"e-font-icon-svg e-fas-at\" viewBox=\"0 0 512 512\" xmlns=\"http:\/\/www.w3.org\/2000\/svg\"><path d=\"M256 8C118.941 8 8 118.919 8 256c0 137.059 110.919 248 248 248 48.154 0 95.342-14.14 135.408-40.223 12.005-7.815 14.625-24.288 5.552-35.372l-10.177-12.433c-7.671-9.371-21.179-11.667-31.373-5.129C325.92 429.757 291.314 440 256 440c-101.458 0-184-82.542-184-184S154.542 72 256 72c100.139 0 184 57.619 184 160 0 38.786-21.093 79.742-58.17 83.693-17.349-.454-16.91-12.857-13.476-30.024l23.433-121.11C394.653 149.75 383.308 136 368.225 136h-44.981a13.518 13.518 0 0 0-13.432 11.993l-.01.092c-14.697-17.901-40.448-21.775-59.971-21.775-74.58 0-137.831 62.234-137.831 151.46 0 65.303 36.785 105.87 96 105.87 26.984 0 57.369-15.637 74.991-38.333 9.522 34.104 40.613 34.103 70.71 34.103C462.609 379.41 504 307.798 504 232 504 95.653 394.023 8 256 8zm-21.68 304.43c-22.249 0-36.07-15.623-36.07-40.771 0-44.993 30.779-72.729 58.63-72.729 22.292 0 35.601 15.241 35.601 40.77 0 45.061-33.875 72.73-58.161 72.73z\"><\/path><\/svg>\t\t\t\t\t\t<\/span>\n\t\t\t\t\t\t\t\t\t\t<span class=\"elementor-icon-list-text\">rafael.enriquez@upm.es<\/span>\n\t\t\t\t\t\t\t\t\t<\/li>\n\t\t\t\t\t\t<\/ul>\n\t\t\t\t<\/div>\n\t\t\t\t<\/div>\n\t\t\t\t\t<\/div>\n\t\t<\/div>\n\t\t\t\t\t\t\t<\/div>\n\t\t<\/section>\n\t\t\t\t<section class=\"elementor-section elementor-top-section elementor-element elementor-element-e19a727 elementor-section-boxed elementor-section-height-default elementor-section-height-default\" data-id=\"e19a727\" data-element_type=\"section\">\n\t\t\t\t\t\t<div class=\"elementor-container elementor-column-gap-default\">\n\t\t\t\t\t<div class=\"elementor-column elementor-col-100 elementor-top-column elementor-element elementor-element-a1aa31c\" data-id=\"a1aa31c\" data-element_type=\"column\">\n\t\t\t<div class=\"elementor-widget-wrap elementor-element-populated\">\n\t\t\t\t\t\t\t\t<div class=\"elementor-element elementor-element-7534e06 elementor-widget elementor-widget-text-editor\" data-id=\"7534e06\" data-element_type=\"widget\" data-widget_type=\"text-editor.default\">\n\t\t\t\t<div class=\"elementor-widget-container\">\n\t\t\t<style>\/*! elementor - v3.11.1 - 15-02-2023 *\/\n.elementor-widget-text-editor.elementor-drop-cap-view-stacked .elementor-drop-cap{background-color:#818a91;color:#fff}.elementor-widget-text-editor.elementor-drop-cap-view-framed .elementor-drop-cap{color:#818a91;border:3px solid;background-color:transparent}.elementor-widget-text-editor:not(.elementor-drop-cap-view-default) .elementor-drop-cap{margin-top:8px}.elementor-widget-text-editor:not(.elementor-drop-cap-view-default) .elementor-drop-cap-letter{width:1em;height:1em}.elementor-widget-text-editor .elementor-drop-cap{float:left;text-align:center;line-height:1;font-size:50px}.elementor-widget-text-editor .elementor-drop-cap-letter{display:inline-block}<\/style>\t\t\t\t<p style=\"text-align: justify;\">Rafael has been a professor at the UPM since 1996. His career combines solid university teaching experience with extensive involvement in academic management and degree coordination tasks. His teaching work focuses on training in road engineering subjects, such as geometric design, road safety, and traffic accident reconstruction. He has held academic management positions for more than 20 years, notably as department director and academic secretary of the school.<\/p><p style=\"text-align: justify;\"><span lang=\"EN-US\" style=\"font-family: 'Segoe UI',sans-serif; mso-ansi-language: EN-US;\">Scopus: 57217404149<\/span><\/p><p style=\"text-align: justify;\"><span lang=\"EN-US\" style=\"font-family: 'Segoe UI',sans-serif; mso-ansi-language: EN-US;\">Research Gate: <\/span><a href=\"https:\/\/www.researchgate.net\/profile\/Rafael-Enriquez-3\"><span lang=\"EN-US\" style=\"font-family: 'Segoe UI',sans-serif; mso-ansi-language: EN-US;\">https:\/\/www.researchgate.net\/profile\/Rafael-Enriquez-3<\/span><\/a><\/p><p style=\"text-align: justify;\"><span lang=\"EN-US\" style=\"font-family: 'Segoe UI',sans-serif; mso-ansi-language: EN-US;\">ORCID:\u00a0<\/span><a href=\"https:\/\/orcid.org\/0000-0002-7206-8739\"><span lang=\"EN-US\">https:\/\/orcid.org\/0000-0002-7206-8739<\/span><\/a><\/p>\t\t\t\t\t\t<\/div>\n\t\t\t\t<\/div>\n\t\t\t\t\t<\/div>\n\t\t<\/div>\n\t\t\t\t\t\t\t<\/div>\n\t\t<\/section>\n\t\t\t\t\t\t\t<\/div>\n\t\t","protected":false},"excerpt":{"rendered":"<p>Rafael Enr\u00edquez Rodr\u00edguez Universidad Polit\u00e9cnica de Madrid E.T.S.I. de Caminos, Canales y Puertos Dr. Rafael Enr\u00edquez Rodr\u00edguez Secretario Acad\u00e9mico del Dpto. de Ingenier\u00eda del Transporte, Territorio y Urbanismo Profesor Titular de Escuela Universitaria 910674213 rafael.enriquez@upm.es Rafael has been a professor at the UPM since 1996. His career combines solid university teaching experience with extensive involvement &#8230; <a title=\"Rafael Enr\u00edquez Rodr\u00edguez\" class=\"read-more\" href=\"https:\/\/transyt.upm.es\/en\/directory\/researchers\/rafael-enriquez-rodriguez\/\" aria-label=\"More on Rafael Enr\u00edquez Rodr\u00edguez\">Read more<\/a><\/p>\n","protected":false},"author":2,"featured_media":0,"parent":12769,"menu_order":0,"comment_status":"closed","ping_status":"closed","template":"elementor_header_footer","meta":{"_monsterinsights_skip_tracking":false,"_monsterinsights_sitenote_active":false,"_monsterinsights_sitenote_note":"","_monsterinsights_sitenote_category":0,"footnotes":""},"acf":[],"_links":{"self":[{"href":"https:\/\/transyt.upm.es\/en\/wp-json\/wp\/v2\/pages\/24634"}],"collection":[{"href":"https:\/\/transyt.upm.es\/en\/wp-json\/wp\/v2\/pages"}],"about":[{"href":"https:\/\/transyt.upm.es\/en\/wp-json\/wp\/v2\/types\/page"}],"author":[{"embeddable":true,"href":"https:\/\/transyt.upm.es\/en\/wp-json\/wp\/v2\/users\/2"}],"replies":[{"embeddable":true,"href":"https:\/\/transyt.upm.es\/en\/wp-json\/wp\/v2\/comments?post=24634"}],"version-history":[{"count":4,"href":"https:\/\/transyt.upm.es\/en\/wp-json\/wp\/v2\/pages\/24634\/revisions"}],"predecessor-version":[{"id":24638,"href":"https:\/\/transyt.upm.es\/en\/wp-json\/wp\/v2\/pages\/24634\/revisions\/24638"}],"up":[{"embeddable":true,"href":"https:\/\/transyt.upm.es\/en\/wp-json\/wp\/v2\/pages\/12769"}],"wp:attachment":[{"href":"https:\/\/transyt.upm.es\/en\/wp-json\/wp\/v2\/media?parent=24634"}],"curies":[{"name":"wp","href":"https:\/\/api.w.org\/{rel}","templated":true}]}}